{"id":78,"date":"2022-10-17T07:03:13","date_gmt":"2022-10-17T06:03:13","guid":{"rendered":"http:\/\/bbforest.se\/?page_id=78"},"modified":"2024-10-09T08:08:32","modified_gmt":"2024-10-09T07:08:32","slug":"home","status":"publish","type":"page","link":"https:\/\/bbforest.se\/","title":{"rendered":"Home"},"content":{"rendered":"\n<div class=\"wp-block-uagb-container uagb-layout-grid uagb-block-febdf6e9 alignfull uagb-is-root-container\">\n<div class=\"wp-block-uagb-advanced-heading uagb-block-e632728f\"><h1 class=\"uagb-heading-text\">L\u00f6vskog \u00e4r v\u00e5r passion<\/h1><\/div>\n\n\n\n<div class=\"wp-block-columns is-layout-flex wp-container-core-columns-is-layout-1 wp-block-columns-is-layout-flex\">\n<div class=\"wp-block-column is-layout-flow wp-block-column-is-layout-flow\" style=\"flex-basis:100%\"><\/div>\n<\/div>\n<\/div>\n\n\n\n<blockquote class=\"wp-block-quote is-style-default is-layout-flow wp-block-quote-is-layout-flow\">\n<p class=\"has-text-align-center\" style=\"margin-top:var(--wp--preset--spacing--60);margin-right:var(--wp--preset--spacing--60);margin-bottom:var(--wp--preset--spacing--60);margin-left:var(--wp--preset--spacing--60)\">BBForest jobbar tillsammans med mark\u00e4gare, ink\u00f6ps- och f\u00f6rvaltningsorganisationer f\u00f6r att \u00f6ka v\u00e4rdet p\u00e5 det Svenska l\u00f6vet. Vi jobbar f\u00f6r att hitta b\u00e4ttre avs\u00e4ttningar f\u00f6r l\u00f6vtimmer och de barrtr\u00e4slag och dimensioner som har s\u00e4mre avs\u00e4ttning i Sverige.<\/p>\n\n\n\n<p class=\"has-text-align-center\" style=\"margin-top:var(--wp--preset--spacing--60);margin-right:var(--wp--preset--spacing--60);margin-bottom:var(--wp--preset--spacing--60);margin-left:var(--wp--preset--spacing--60)\">Vi \u00e4r dubbelcertifierade genom FSC och PEFC, har h\u00f6gsta kreditv\u00e4rdighet \u2013 AAA och goda recensioner.<\/p>\n<\/blockquote>\n\n\n\n<div class=\"wp-block-uagb-separator uagb-block-358e677f\"><div class=\"wp-block-uagb-separator__inner\" style=\"--my-background-image:\"><\/div><\/div>\n\n\n\n<div class=\"wp-block-uagb-container uagb-block-dc2c2b96 alignfull uagb-is-root-container\"><div class=\"uagb-container-inner-blocks-wrap\">\n<div class=\"wp-block-uagb-call-to-action uagb-block-2de0980c wp-block-button\"><div class=\"uagb-cta__wrap\"><h2 class=\"uagb-cta__title\">KONTAKTA OSS<\/h2><p class=\"uagb-cta__desc\">Har ni fr\u00e5gor? Vi \u00e4r alltid \u00f6ppna f\u00f6r att svara p\u00e5 dina fr\u00e5gor och ge tips och id\u00e9er.  <\/p><\/div><div class=\"uagb-cta__buttons\"><a href=\"\/\/bbforest.se\/?page_id=100\" class=\"uagb-cta__button-link-wrapper wp-block-button__link\" target=\"_self\" rel=\"noopener noreferrer\">KONTAKT<\/a><\/div><\/div>\n<\/div><\/div>\n\n\n\n<div class=\"wp-block-uagb-separator uagb-block-249067ed\"><div class=\"wp-block-uagb-separator__inner\" style=\"--my-background-image:\"><\/div><\/div>\n","protected":false},"excerpt":{"rendered":"<p>L\u00f6vskog \u00e4r v\u00e5r passion BBForest jobbar tillsammans med mark\u00e4gare, ink\u00f6ps- och f\u00f6rvaltningsorganisationer f\u00f6r att \u00f6ka v\u00e4rdet p\u00e5 det Svenska l\u00f6vet. Vi jobbar f\u00f6r att hitta b\u00e4ttre avs\u00e4ttningar f\u00f6r l\u00f6vtimmer och de barrtr\u00e4slag och dimensioner som har s\u00e4mre avs\u00e4ttning i Sverige. Vi \u00e4r dubbelcertifierade genom FSC och PEFC, har h\u00f6gsta kreditv\u00e4rdighet \u2013 AAA och goda recensioner.<\/p>\n","protected":false},"author":1,"featured_media":0,"parent":0,"menu_order":0,"comment_status":"closed","ping_status":"closed","template":"","meta":{"_uag_custom_page_level_css":"","site-sidebar-layout":"default","site-content-layout":"page-builder","ast-global-header-display":"","ast-banner-title-visibility":"","ast-main-header-display":"","ast-hfb-above-header-display":"","ast-hfb-below-header-display":"","ast-hfb-mobile-header-display":"","site-post-title":"disabled","ast-breadcrumbs-content":"","ast-featured-img":"","footer-sml-layout":"","theme-transparent-header-meta":"enabled","adv-header-id-meta":"","stick-header-meta":"","header-above-stick-meta":"","header-main-stick-meta":"","header-below-stick-meta":"","footnotes":""},"class_list":["post-78","page","type-page","status-publish","hentry"],"jetpack_sharing_enabled":true,"uagb_featured_image_src":{"full":false,"thumbnail":false,"medium":false,"medium_large":false,"large":false,"1536x1536":false,"2048x2048":false},"uagb_author_info":{"display_name":"andre.bergquist","author_link":"https:\/\/bbforest.se\/?author=1"},"uagb_comment_info":0,"uagb_excerpt":"L\u00f6vskog \u00e4r v\u00e5r passion BBForest jobbar tillsammans med mark\u00e4gare, ink\u00f6ps- och f\u00f6rvaltningsorganisationer f\u00f6r att \u00f6ka v\u00e4rdet p\u00e5 det Svenska l\u00f6vet. Vi jobbar f\u00f6r att hitta b\u00e4ttre avs\u00e4ttningar f\u00f6r l\u00f6vtimmer och de barrtr\u00e4slag och dimensioner som har s\u00e4mre avs\u00e4ttning i Sverige. Vi \u00e4r dubbelcertifierade genom FSC och PEFC, har h\u00f6gsta kreditv\u00e4rdighet \u2013 AAA och goda recensioner.","_links":{"self":[{"href":"https:\/\/bbforest.se\/index.php?rest_route=\/wp\/v2\/pages\/78"}],"collection":[{"href":"https:\/\/bbforest.se\/index.php?rest_route=\/wp\/v2\/pages"}],"about":[{"href":"https:\/\/bbforest.se\/index.php?rest_route=\/wp\/v2\/types\/page"}],"author":[{"embeddable":true,"href":"https:\/\/bbforest.se\/index.php?rest_route=\/wp\/v2\/users\/1"}],"replies":[{"embeddable":true,"href":"https:\/\/bbforest.se\/index.php?rest_route=%2Fwp%2Fv2%2Fcomments&post=78"}],"version-history":[{"count":42,"href":"https:\/\/bbforest.se\/index.php?rest_route=\/wp\/v2\/pages\/78\/revisions"}],"predecessor-version":[{"id":1999,"href":"https:\/\/bbforest.se\/index.php?rest_route=\/wp\/v2\/pages\/78\/revisions\/1999"}],"wp:attachment":[{"href":"https:\/\/bbforest.se\/index.php?rest_route=%2Fwp%2Fv2%2Fmedia&parent=78"}],"curies":[{"name":"wp","href":"https:\/\/api.w.org\/{rel}","templated":true}]}}